{"id":6562,"date":"2021-09-17T09:40:46","date_gmt":"2021-09-17T09:40:46","guid":{"rendered":"https:\/\/doriswaelchligiraud.com\/index.php\/portfolio-elementor\/"},"modified":"2025-11-27T18:29:26","modified_gmt":"2025-11-27T18:29:26","slug":"portfolio-elementor","status":"publish","type":"page","link":"https:\/\/doriswaelchligiraud.com\/index.php\/portfolio-elementor\/","title":{"rendered":"Portfolio (Elementor)"},"content":{"rendered":"\t\t<div data-elementor-type=\"wp-page\" data-elementor-id=\"6562\" class=\"elementor elementor-6562\">\n\t\t\t\t\t\t<section class=\"elementor-section elementor-top-section elementor-element elementor-element-2d14470 elementor-section-boxed elementor-section-height-default elementor-section-height-default\" data-id=\"2d14470\" data-element_type=\"section\" data-e-type=\"section\">\n\t\t\t\t\t\t<div class=\"elementor-container elementor-column-gap-no\">\n\t\t\t\t\t<div class=\"elementor-column elementor-col-100 elementor-top-column elementor-element elementor-element-919d4f\" data-id=\"919d4f\" data-element_type=\"column\" data-e-type=\"column\">\n\t\t\t<div class=\"elementor-widget-wrap elementor-element-populated\">\n\t\t\t\t\t\t<div class=\"elementor-element elementor-element-66bbc740 elementor-widget elementor-widget-heading\" data-id=\"66bbc740\" data-element_type=\"widget\" data-e-type=\"widget\" data-widget_type=\"heading.default\">\n\t\t\t\t\t<h2 class=\"elementor-heading-title elementor-size-default\">inspiration <\/h2>\t\t\t\t<\/div>\n\t\t\t\t<section class=\"elementor-section elementor-inner-section elementor-element elementor-element-1533777f elementor-section-full_width elementor-section-height-default elementor-section-height-default\" data-id=\"1533777f\" data-element_type=\"section\" data-e-type=\"section\">\n\t\t\t\t\t\t<div class=\"elementor-container elementor-column-gap-no\">\n\t\t\t\t\t<div class=\"elementor-column elementor-col-100 elementor-inner-column elementor-element elementor-element-485bd3b0\" data-id=\"485bd3b0\" data-element_type=\"column\" data-e-type=\"column\">\n\t\t\t<div class=\"elementor-widget-wrap elementor-element-populated\">\n\t\t\t\t\t\t<div class=\"elementor-element elementor-element-f38da40 elementor-widget elementor-widget-text-editor\" data-id=\"f38da40\" data-element_type=\"widget\" data-e-type=\"widget\" data-widget_type=\"text-editor.default\">\n\t\t\t\t\t\t\t\t\t<p>La vie est pr\u00e9cieuse, la nature r\u00e9v\u00e8le sa beaut\u00e9, la nourriture nourrit l\u2019\u00e2me, et le voyage offre des souvenirs qui embellissent le c\u0153ur.\u00a0 Doris Waelchli Giraud<\/p>\t\t\t\t\t\t\t\t<\/div>\n\t\t\t\t\t<\/div>\n\t\t<\/div>\n\t\t\t\t\t<\/div>\n\t\t<\/section>\n\t\t\t\t\t<\/div>\n\t\t<\/div>\n\t\t\t\t\t<\/div>\n\t\t<\/section>\n\t\t\t\t<section class=\"elementor-section elementor-top-section elementor-element elementor-element-1bc8de1f elementor-section-full_width elementor-section-height-default elementor-section-height-default\" data-id=\"1bc8de1f\" data-element_type=\"section\" data-e-type=\"section\">\n\t\t\t\t\t\t<div class=\"elementor-container elementor-column-gap-default\">\n\t\t\t\t\t<div class=\"elementor-column elementor-col-100 elementor-top-column elementor-element elementor-element-3bca5007\" data-id=\"3bca5007\" data-element_type=\"column\" data-e-type=\"column\">\n\t\t\t<div class=\"elementor-widget-wrap elementor-element-populated\">\n\t\t\t\t\t\t<div class=\"elementor-element elementor-element-7bb3f0ee elementor-widget elementor-widget-wpzoom-elementor-addons-portfolio-showcase\" data-id=\"7bb3f0ee\" data-element_type=\"widget\" data-e-type=\"widget\" data-settings=\"{&quot;portfolio_showcase_styles&quot;:&quot;default&quot;}\" data-widget_type=\"wpzoom-elementor-addons-portfolio-showcase.default\">\n\t\t\t\t<div class=\"elementor-widget-container\">\n\t\t\t\t\t<div class=\"portfolio-showcase\"><div class=\"portfolio-showcase-header\"><nav class=\"portfolio-archive-taxonomies\" style=\"\">\n\t<ul class=\"portfolio-taxonomies portfolio-taxonomies-filter-by\">\n\t\t<li \t\t\tclass=\"cat-item cat-item-all current-cat\" \n\t\t\tdata-counter=\"8\"\n\t\t>\n\t\t\t<a href=\"https:\/\/doriswaelchligiraud.com\/index.php\/portfolio-elementor\/\">All<\/a>\n\t\t<\/li>\n\t\t\t<li class=\"cat-item cat-item-135\"><a href=\"https:\/\/doriswaelchligiraud.com\/index.php\/portfolio\/art\/\">Art<\/a>\n<\/li>\n\t<li class=\"cat-item cat-item-136\"><a href=\"https:\/\/doriswaelchligiraud.com\/index.php\/portfolio\/food\/\">Food<\/a>\n<\/li>\n\t<li class=\"cat-item cat-item-129\"><a href=\"https:\/\/doriswaelchligiraud.com\/index.php\/portfolio\/nature-2\/\">Nature<\/a>\n<\/li>\n\t<li class=\"cat-item cat-item-131\"><a href=\"https:\/\/doriswaelchligiraud.com\/index.php\/portfolio\/travel\/\">Travel<\/a>\n<\/li>\n\t<\/ul>\n<\/nav><\/div><!-- \/\/ .portfolio-showcase-header -->\t\t\t<div \t\t\t\tdata-ajax-items-loading=\"\"\n\t\t\t\tdata-nonce=\"4c83354491\"\n\t\t\t\tdata-count-nonce=\"b3badf861e\"\n\t\t\t\tdata-items-count=\"8\"\n\t\t\t\tdata-instance=\"{&quot;layout_type&quot;:&quot;full-width&quot;,&quot;col_number&quot;:&quot;3&quot;,&quot;aspect_ratio&quot;:&quot;default&quot;,&quot;background_video&quot;:true,&quot;show_masonry&quot;:false,&quot;show_popup&quot;:true,&quot;show_popup_caption&quot;:true,&quot;show_excerpt&quot;:false,&quot;view_all_btn&quot;:true,&quot;readmore_text&quot;:&quot;Read More&quot;,&quot;enable_director_name&quot;:false,&quot;enable_year&quot;:true,&quot;enable_category&quot;:true,&quot;show_count&quot;:3,&quot;show_categories&quot;:true,&quot;always_play_background_video&quot;:false}\"\n\t\t\t\tclass=\"portfolio-grid  col_no_3 \"\n\t\t\t>\n\t\t\t\t            <article id=\"post-5241\" class=\" portfolio_131_item portfolio_item post-5241 type-portfolio_item status-publish has-post-thumbnail hentry portfolio-travel\">\n            \n                    <div class=\"entry-thumbnail-popover\">\n                        <div class=\"entry-thumbnail-popover-content lightbox_popup_insp popover-content--animated\" data-show-caption=\"1\">\n\n                            <a class=\"wpz-portfolio-link\" href=\"https:\/\/doriswaelchligiraud.com\/index.php\/project\/ligula-risus-vehicula-sem\/\" title=\"INDIA\"><\/a>\n\n                            <div class=\"entry-meta\">\n\n                                <!-- start lightbox -->                                                                            <a class=\"wpz-portfolio-link\" href=\"https:\/\/doriswaelchligiraud.com\/index.php\/project\/ligula-risus-vehicula-sem\/\" title=\"INDIA\"><\/a>\n                                                                    \n                                <h3 class=\"portfolio_item-title\">\n                                    <a href=\"https:\/\/doriswaelchligiraud.com\/index.php\/project\/ligula-risus-vehicula-sem\/\"\n                                       title=\"INDIA\">INDIA<\/a>\n                                <\/h3>\n\n                                <ul>\n                                    \n                                    \n                                    <li>\n\n                                        Travel                                     <\/li>\n                                                                    <\/ul>\n\n                            <\/div>\n\n                        <\/div>\n                    <\/div>\n\n                    \n                        <img fetchpriority=\"high\" decoding=\"async\" width=\"600\" height=\"400\" src=\"https:\/\/doriswaelchligiraud.com\/wp-content\/uploads\/2014\/08\/Design-sans-titre-15-600x400.png\" class=\"attachment-portfolio_item-thumbnail size-portfolio_item-thumbnail wp-post-image\" alt=\"\" srcset=\"https:\/\/doriswaelchligiraud.com\/wp-content\/uploads\/2014\/08\/Design-sans-titre-15-600x400.png 600w, https:\/\/doriswaelchligiraud.com\/wp-content\/uploads\/2014\/08\/Design-sans-titre-15-300x200.png 300w, https:\/\/doriswaelchligiraud.com\/wp-content\/uploads\/2014\/08\/Design-sans-titre-15-1024x682.png 1024w, https:\/\/doriswaelchligiraud.com\/wp-content\/uploads\/2014\/08\/Design-sans-titre-15-768x512.png 768w, https:\/\/doriswaelchligiraud.com\/wp-content\/uploads\/2014\/08\/Design-sans-titre-15-1000x666.png 1000w, https:\/\/doriswaelchligiraud.com\/wp-content\/uploads\/2014\/08\/Design-sans-titre-15-840x560.png 840w, https:\/\/doriswaelchligiraud.com\/wp-content\/uploads\/2014\/08\/Design-sans-titre-15.png 1076w\" sizes=\"(max-width: 600px) 100vw, 600px\" \/>\n                    \n\n                            <\/article>            <article id=\"post-5239\" class=\" is-portfolio-gallery-video-background portfolio_135_item portfolio_136_item portfolio_129_item portfolio_131_item portfolio_item post-5239 type-portfolio_item status-publish has-post-thumbnail hentry portfolio-art portfolio-food portfolio-nature-2 portfolio-travel\">\n            \n                    <div class=\"entry-thumbnail-popover\">\n                        <div class=\"entry-thumbnail-popover-content lightbox_popup_insp popover-content--animated\" data-show-caption=\"1\">\n\n                            <a class=\"wpz-portfolio-link\" href=\"https:\/\/doriswaelchligiraud.com\/index.php\/project\/new-zealand-winter-landscapes\/\" title=\"Valais Suisse Home\"><\/a>\n\n                            <div class=\"entry-meta\">\n\n                                <!-- start lightbox --><a\n                                    class=\"mfp-iframe portfolio-popup-video\"\n                                    href=\"https:\/\/vimeo.com\/225953281\" aria-label=\"Watch Video\"><\/a>\n                                \n                                <h3 class=\"portfolio_item-title\">\n                                    <a href=\"https:\/\/doriswaelchligiraud.com\/index.php\/project\/new-zealand-winter-landscapes\/\"\n                                       title=\"Valais Suisse Home\">Valais Suisse Home<\/a>\n                                <\/h3>\n\n                                <ul>\n                                    \n                                    \n                                    <li>\n\n                                        Art \/ Food \/ Nature \/ Travel                                     <\/li>\n                                                                    <\/ul>\n\n                            <\/div>\n\n                        <\/div>\n                    <\/div>\n\n                                            <video class=\"portfolio-gallery-video-background\" loop muted playsinline poster=https:\/\/doriswaelchligiraud.com\/wp-content\/uploads\/2014\/08\/Design-sans-titre-21-600x400.png                               style=\" width:100%; height:auto;vertical-align: middle; display:block;\">\n                            <source src=\"https:\/\/demo.wpzoom.com\/inspiro-elementor-xml\/files\/2014\/08\/hovervideo.mp4\"\n                                    type=\"video\/mp4\">\n                        <\/video>\n\n                        <img decoding=\"async\" width=\"600\" height=\"400\" src=\"https:\/\/doriswaelchligiraud.com\/wp-content\/uploads\/2014\/08\/Design-sans-titre-21-600x400.png\" class=\"attachment-portfolio_item-thumbnail size-portfolio_item-thumbnail wp-post-image\" alt=\"\" srcset=\"https:\/\/doriswaelchligiraud.com\/wp-content\/uploads\/2014\/08\/Design-sans-titre-21-600x400.png 600w, https:\/\/doriswaelchligiraud.com\/wp-content\/uploads\/2014\/08\/Design-sans-titre-21-300x200.png 300w, https:\/\/doriswaelchligiraud.com\/wp-content\/uploads\/2014\/08\/Design-sans-titre-21-1024x682.png 1024w, https:\/\/doriswaelchligiraud.com\/wp-content\/uploads\/2014\/08\/Design-sans-titre-21-768x512.png 768w, https:\/\/doriswaelchligiraud.com\/wp-content\/uploads\/2014\/08\/Design-sans-titre-21-1000x666.png 1000w, https:\/\/doriswaelchligiraud.com\/wp-content\/uploads\/2014\/08\/Design-sans-titre-21-840x560.png 840w, https:\/\/doriswaelchligiraud.com\/wp-content\/uploads\/2014\/08\/Design-sans-titre-21.png 1076w\" sizes=\"(max-width: 600px) 100vw, 600px\" \/>\n                    \n\n                            <\/article>            <article id=\"post-5237\" class=\" portfolio_131_item portfolio_item post-5237 type-portfolio_item status-publish has-post-thumbnail hentry portfolio-travel\">\n            \n                    <div class=\"entry-thumbnail-popover\">\n                        <div class=\"entry-thumbnail-popover-content lightbox_popup_insp popover-content--animated\" data-show-caption=\"1\">\n\n                            <a class=\"wpz-portfolio-link\" href=\"https:\/\/doriswaelchligiraud.com\/index.php\/project\/quam-vestibulum-adipiscing-vulputate\/\" title=\"Ha\u00efti\"><\/a>\n\n                            <div class=\"entry-meta\">\n\n                                <!-- start lightbox -->                                                                            <a class=\"wpz-portfolio-link\" href=\"https:\/\/doriswaelchligiraud.com\/index.php\/project\/quam-vestibulum-adipiscing-vulputate\/\" title=\"Ha\u00efti\"><\/a>\n                                                                    \n                                <h3 class=\"portfolio_item-title\">\n                                    <a href=\"https:\/\/doriswaelchligiraud.com\/index.php\/project\/quam-vestibulum-adipiscing-vulputate\/\"\n                                       title=\"Ha\u00efti\">Ha\u00efti<\/a>\n                                <\/h3>\n\n                                <ul>\n                                    \n                                    \n                                    <li>\n\n                                        Travel                                     <\/li>\n                                                                    <\/ul>\n\n                            <\/div>\n\n                        <\/div>\n                    <\/div>\n\n                    \n                        <img decoding=\"async\" width=\"600\" height=\"400\" src=\"https:\/\/doriswaelchligiraud.com\/wp-content\/uploads\/2014\/08\/Design-sans-titre-18-600x400.png\" class=\"attachment-portfolio_item-thumbnail size-portfolio_item-thumbnail wp-post-image\" alt=\"\" srcset=\"https:\/\/doriswaelchligiraud.com\/wp-content\/uploads\/2014\/08\/Design-sans-titre-18-600x400.png 600w, https:\/\/doriswaelchligiraud.com\/wp-content\/uploads\/2014\/08\/Design-sans-titre-18-300x200.png 300w, https:\/\/doriswaelchligiraud.com\/wp-content\/uploads\/2014\/08\/Design-sans-titre-18-1024x683.png 1024w, https:\/\/doriswaelchligiraud.com\/wp-content\/uploads\/2014\/08\/Design-sans-titre-18-768x512.png 768w, https:\/\/doriswaelchligiraud.com\/wp-content\/uploads\/2014\/08\/Design-sans-titre-18-1000x667.png 1000w, https:\/\/doriswaelchligiraud.com\/wp-content\/uploads\/2014\/08\/Design-sans-titre-18-840x560.png 840w, https:\/\/doriswaelchligiraud.com\/wp-content\/uploads\/2014\/08\/Design-sans-titre-18.png 1075w\" sizes=\"(max-width: 600px) 100vw, 600px\" \/>\n                    \n\n                            <\/article>\n\t\t\t<\/div><!-- \/\/ .portfolio-grid -->\n\n\t\t\t\t\t\t\t\n\n\t\t\t\t\n\t\t\t\t\t<div class=\"portfolio-preloader\">\n\t\t\t\t<div id=\"loading-39x\">\n\t\t\t\t\t<div class=\"spinner\">\n\t\t\t\t\t\t<div class=\"rect1\"><\/div> \n\t\t\t\t\t\t<div class=\"rect2\"><\/div> \n\t\t\t\t\t\t<div class=\"rect3\"><\/div> \n\t\t\t\t\t\t<div class=\"rect4\"><\/div> \n\t\t\t\t\t\t<div class=\"rect5\"><\/div>\n\t\t\t\t\t<\/div>\n\t\t\t\t<\/div>\n\t\t\t<\/div>\n\t\t\n        \n            \n            <div class=\"portfolio-view_all-link\">\n\t\t\t\t<a href=\"#\" class=\"btn\" title=\"View All\" data-ajax-loading=\"1\">\n\t\t\t\t\tView All\t\t\t\t<\/a>\n            <\/div><!-- .portfolio-view_all-link -->\n\t\t\t\n        \n\t\t<\/div><!-- \/\/ .portfolio-showcase -->\t\t\t\t<\/div>\n\t\t\t\t<\/div>\n\t\t\t\t\t<\/div>\n\t\t<\/div>\n\t\t\t\t\t<\/div>\n\t\t<\/section>\n\t\t\t\t<\/div>\n\t\t","protected":false},"excerpt":{"rendered":"<p>inspiration La vie est pr\u00e9cieuse, la nature r\u00e9v\u00e8le sa beaut\u00e9, la nourriture nourrit l\u2019\u00e2me, et le voyage offre des souvenirs qui embellissent le c\u0153ur.\u00a0 Doris Waelchli Giraud All Art Food Nature Travel INDIA Travel Valais Suisse Home Art Food Nature Travel Ha\u00efti Travel View All<\/p>\n","protected":false},"author":1,"featured_media":0,"parent":0,"menu_order":0,"comment_status":"closed","ping_status":"closed","template":"page-templates\/full-width-no-title.php","meta":{"inspiro_page_layout":"narrow","inspiro_hide_title":false,"footnotes":""},"class_list":["post-6562","page","type-page","status-publish","hentry"],"featured_media_urls":[],"_links":{"self":[{"href":"https:\/\/doriswaelchligiraud.com\/index.php\/wp-json\/wp\/v2\/pages\/6562","targetHints":{"allow":["GET"]}}],"collection":[{"href":"https:\/\/doriswaelchligiraud.com\/index.php\/wp-json\/wp\/v2\/pages"}],"about":[{"href":"https:\/\/doriswaelchligiraud.com\/index.php\/wp-json\/wp\/v2\/types\/page"}],"author":[{"embeddable":true,"href":"https:\/\/doriswaelchligiraud.com\/index.php\/wp-json\/wp\/v2\/users\/1"}],"replies":[{"embeddable":true,"href":"https:\/\/doriswaelchligiraud.com\/index.php\/wp-json\/wp\/v2\/comments?post=6562"}],"version-history":[{"count":3,"href":"https:\/\/doriswaelchligiraud.com\/index.php\/wp-json\/wp\/v2\/pages\/6562\/revisions"}],"predecessor-version":[{"id":7624,"href":"https:\/\/doriswaelchligiraud.com\/index.php\/wp-json\/wp\/v2\/pages\/6562\/revisions\/7624"}],"wp:attachment":[{"href":"https:\/\/doriswaelchligiraud.com\/index.php\/wp-json\/wp\/v2\/media?parent=6562"}],"curies":[{"name":"wp","href":"https:\/\/api.w.org\/{rel}","templated":true}]}}